{"id":212,"date":"2024-01-06T16:03:32","date_gmt":"2024-01-06T16:03:32","guid":{"rendered":"https:\/\/elipsemotriz.pt\/?page_id=212"},"modified":"2024-01-14T17:51:17","modified_gmt":"2024-01-14T17:51:17","slug":"maquinas","status":"publish","type":"page","link":"https:\/\/elipsemotriz.pt\/?page_id=212","title":{"rendered":"M\u00e1quinas"},"content":{"rendered":"\t\t<div data-elementor-type=\"wp-page\" data-elementor-id=\"212\" class=\"elementor elementor-212\">\n\t\t\t\t\t\t\t<div class=\"elementor-element elementor-element-4c32707 e-flex e-con-boxed e-con e-parent\" data-id=\"4c32707\" data-element_type=\"container\" data-settings=\"{&quot;content_width&quot;:&quot;boxed&quot;}\" data-core-v316-plus=\"true\">\n\t\t\t\t\t<div class=\"e-con-inner\">\n\t\t\t\t<div class=\"elementor-element elementor-element-1fbcf5e elementor-widget elementor-widget-image\" data-id=\"1fbcf5e\" data-element_type=\"widget\" data-widget_type=\"image.default\">\n\t\t\t\t<div class=\"elementor-widget-container\">\n\t\t\t<style>\/*! elementor - v3.17.0 - 25-10-2023 *\/\n.elementor-widget-image{text-align:center}.elementor-widget-image a{display:inline-block}.elementor-widget-image a img[src$=\".svg\"]{width:48px}.elementor-widget-image img{vertical-align:middle;display:inline-block}<\/style>\t\t\t\t\t\t\t\t\t\t\t\t<img fetchpriority=\"high\" decoding=\"async\" width=\"1920\" height=\"650\" src=\"https:\/\/elipsemotriz.pt\/wp-content\/uploads\/2024\/01\/11-1.jpg\" class=\"attachment-full size-full wp-image-461\" alt=\"\" srcset=\"https:\/\/elipsemotriz.pt\/wp-content\/uploads\/2024\/01\/11-1.jpg 1920w, https:\/\/elipsemotriz.pt\/wp-content\/uploads\/2024\/01\/11-1-300x102.jpg 300w, https:\/\/elipsemotriz.pt\/wp-content\/uploads\/2024\/01\/11-1-1024x347.jpg 1024w, https:\/\/elipsemotriz.pt\/wp-content\/uploads\/2024\/01\/11-1-768x260.jpg 768w, https:\/\/elipsemotriz.pt\/wp-content\/uploads\/2024\/01\/11-1-1536x520.jpg 1536w\" sizes=\"(max-width: 1920px) 100vw, 1920px\" \/>\t\t\t\t\t\t\t\t\t\t\t\t\t\t\t<\/div>\n\t\t\t\t<\/div>\n\t\t\t\t\t<\/div>\n\t\t\t\t<\/div>\n\t\t<div class=\"elementor-element elementor-element-46407a4 e-flex e-con-boxed e-con e-parent\" data-id=\"46407a4\" data-element_type=\"container\" data-settings=\"{&quot;content_width&quot;:&quot;boxed&quot;}\" data-core-v316-plus=\"true\">\n\t\t\t\t\t<div class=\"e-con-inner\">\n\t\t<div class=\"elementor-element elementor-element-fb187d4 e-flex e-con-boxed e-con e-child\" data-id=\"fb187d4\" data-element_type=\"container\" data-settings=\"{&quot;content_width&quot;:&quot;boxed&quot;}\">\n\t\t\t\t\t<div class=\"e-con-inner\">\n\t\t\t\t<div class=\"elementor-element elementor-element-5f9f4fc elementor-position-right elementor-vertical-align-bottom elementor-widget elementor-widget-image-box\" data-id=\"5f9f4fc\" data-element_type=\"widget\" data-widget_type=\"image-box.default\">\n\t\t\t\t<div class=\"elementor-widget-container\">\n\t\t\t<style>\/*! elementor - v3.17.0 - 25-10-2023 *\/\n.elementor-widget-image-box .elementor-image-box-content{width:100%}@media (min-width:768px){.elementor-widget-image-box.elementor-position-left .elementor-image-box-wrapper,.elementor-widget-image-box.elementor-position-right .elementor-image-box-wrapper{display:flex}.elementor-widget-image-box.elementor-position-right .elementor-image-box-wrapper{text-align:right;flex-direction:row-reverse}.elementor-widget-image-box.elementor-position-left .elementor-image-box-wrapper{text-align:left;flex-direction:row}.elementor-widget-image-box.elementor-position-top .elementor-image-box-img{margin:auto}.elementor-widget-image-box.elementor-vertical-align-top .elementor-image-box-wrapper{align-items:flex-start}.elementor-widget-image-box.elementor-vertical-align-middle .elementor-image-box-wrapper{align-items:center}.elementor-widget-image-box.elementor-vertical-align-bottom .elementor-image-box-wrapper{align-items:flex-end}}@media (max-width:767px){.elementor-widget-image-box .elementor-image-box-img{margin-left:auto!important;margin-right:auto!important;margin-bottom:15px}}.elementor-widget-image-box .elementor-image-box-img{display:inline-block}.elementor-widget-image-box .elementor-image-box-title a{color:inherit}.elementor-widget-image-box .elementor-image-box-wrapper{text-align:center}.elementor-widget-image-box .elementor-image-box-description{margin:0}<\/style><div class=\"elementor-image-box-wrapper\"><figure class=\"elementor-image-box-img\"><img decoding=\"async\" width=\"612\" height=\"421\" src=\"https:\/\/elipsemotriz.pt\/wp-content\/uploads\/2024\/01\/10-2-e1705247474276.jpg\" class=\"attachment-full size-full wp-image-633\" alt=\"\" srcset=\"https:\/\/elipsemotriz.pt\/wp-content\/uploads\/2024\/01\/10-2-e1705247474276.jpg 612w, https:\/\/elipsemotriz.pt\/wp-content\/uploads\/2024\/01\/10-2-e1705247474276-300x206.jpg 300w\" sizes=\"(max-width: 612px) 100vw, 612px\" \/><\/figure><div class=\"elementor-image-box-content\"><h3 class=\"elementor-image-box-title\">M\u00c1QUINA DE SOLDAR BESTER 215 MP<\/h3><p class=\"elementor-image-box-description\">M\u00e1quina de soldar multiprocesso, da Bester (Lincoln Electric);<br>Processos de soldagem: MIG\/MAG com e sem fio fluxado, MMA, TIG Lift;<br>Tecnologia Inverter;<br>Mudan\u00e7a de polaridade, indut\u00e2ncia de arco ajust\u00e1vel para fun\u00e7\u00f5es MIG e For\u00e7a de Arco para Stick;<br>Possui base para colocar uma garrafa;<br>Adequado para utilizar com geradores;<br><u>Inclui<\/u>: <br>- 1 conetor Euro para tocha<br>- 1 tocha MIG\/MAG - 4 metros<br>- 1 cabo massa - 3 metros<br><br><span style=\"white-space-collapse: collapse; color: rgb(220, 23, 58); font-weight: bold;\">Ref:<\/span><span style=\"white-space-collapse: collapse; color: rgb(220, 23, 58);\">&nbsp;<\/span><span class=\"OYPEnA text-decoration-none text-strikethrough-none\" style=\"color: rgb(220, 23, 58);\">E<span class=\"ql-cursor\">\ufeff<\/span>WB18260-1<\/span><\/p><\/div><\/div>\t\t<\/div>\n\t\t\t\t<\/div>\n\t\t\t\t\t<\/div>\n\t\t\t\t<\/div>\n\t\t\t\t\t<\/div>\n\t\t\t\t<\/div>\n\t\t<div class=\"elementor-element elementor-element-9b56d11 e-flex e-con-boxed e-con e-parent\" data-id=\"9b56d11\" data-element_type=\"container\" data-settings=\"{&quot;content_width&quot;:&quot;boxed&quot;}\" data-core-v316-plus=\"true\">\n\t\t\t\t\t<div class=\"e-con-inner\">\n\t\t<div class=\"elementor-element elementor-element-959163a e-flex e-con-boxed e-con e-child\" data-id=\"959163a\" data-element_type=\"container\" data-settings=\"{&quot;content_width&quot;:&quot;boxed&quot;}\">\n\t\t\t\t\t<div class=\"e-con-inner\">\n\t\t\t\t\t<\/div>\n\t\t\t\t<\/div>\n\t\t<div class=\"elementor-element elementor-element-34cb863 e-flex e-con-boxed e-con e-child\" data-id=\"34cb863\" data-element_type=\"container\" data-settings=\"{&quot;content_width&quot;:&quot;boxed&quot;}\">\n\t\t\t\t\t<div class=\"e-con-inner\">\n\t\t\t\t<div class=\"elementor-element elementor-element-7e1d21a elementor-position-right elementor-vertical-align-bottom elementor-widget elementor-widget-image-box\" data-id=\"7e1d21a\" data-element_type=\"widget\" data-widget_type=\"image-box.default\">\n\t\t\t\t<div class=\"elementor-widget-container\">\n\t\t\t<div class=\"elementor-image-box-wrapper\"><figure class=\"elementor-image-box-img\"><img decoding=\"async\" width=\"611\" height=\"467\" src=\"https:\/\/elipsemotriz.pt\/wp-content\/uploads\/2024\/01\/11-2-e1705247639356.jpg\" class=\"attachment-full size-full wp-image-634\" alt=\"\" srcset=\"https:\/\/elipsemotriz.pt\/wp-content\/uploads\/2024\/01\/11-2-e1705247639356.jpg 611w, https:\/\/elipsemotriz.pt\/wp-content\/uploads\/2024\/01\/11-2-e1705247639356-300x229.jpg 300w\" sizes=\"(max-width: 611px) 100vw, 611px\" \/><\/figure><div class=\"elementor-image-box-content\"><h3 class=\"elementor-image-box-title\">M\u00c1QUINA DE SOLDAR BESTER 200-S<\/h3><p class=\"elementor-image-box-description\">M\u00e1quina de soldar multiprocesso sin\u00e9rgica, da Bester (Lincoln Electric);<br>Processos de soldagem: MIG\/MAG com e sem fio fluxado, MMA, TIG Lift;<br>A fun\u00e7\u00e3o sin\u00e9rgica permite selecionar automaticamente os par\u00e2metros da soldadura, garantindo uma soldagem perfeita;<br>Tecnologia Inverter;<br>Mudan\u00e7a de polaridade, indut\u00e2ncia de arco ajust\u00e1vel para fun\u00e7\u00f5es MIG e For\u00e7a de Arco para Stick;<br>Adequado para utilizar com geradores;<br><u>Inclui<\/u>: <br>- 1 tocha MIG\/MAG - 3 metros<br>- 1 cabo massa - 3 metros<br>- 1 cabo de soldadura com alicate porta el\u00e9trodos - 3 metros<br>- 1 mangueira de g\u00e1s - 2 metros<br>- 2 roletos (0.6\/0.8 e 0.8\/1.0 mm)<br><br><span style=\"white-space-collapse: collapse; color: rgb(220, 23, 58); font-weight: bold;\">Ref:<\/span><span style=\"white-space-collapse: collapse; color: rgb(220, 23, 58);\">&nbsp;<\/span><span class=\"OYPEnA text-decoration-none text-strikethrough-none\" style=\"color: rgb(220, 23, 58);\">EWB18264<span class=\"ql-cursor\">\ufeff<\/span>-1<\/span><\/p><\/div><\/div>\t\t<\/div>\n\t\t\t\t<\/div>\n\t\t\t\t\t<\/div>\n\t\t\t\t<\/div>\n\t\t\t\t\t<\/div>\n\t\t\t\t<\/div>\n\t\t\t\t\t\t\t<\/div>\n\t\t","protected":false},"excerpt":{"rendered":"<p>M\u00c1QUINA DE SOLDAR BESTER 215 MP M\u00e1quina de soldar multiprocesso, da Bester (Lincoln Electric);Processos de soldagem: MIG\/MAG com e sem fio fluxado, MMA, TIG Lift;Tecnologia Inverter;Mudan\u00e7a de polaridade, indut\u00e2ncia de arco ajust\u00e1vel para fun\u00e7\u00f5es MIG e For\u00e7a de Arco para Stick;Possui base para colocar uma garrafa;Adequado para utilizar com geradores;Inclui: &#8211; 1 conetor Euro para [&hellip;]<\/p>\n","protected":false},"author":1,"featured_media":0,"parent":0,"menu_order":0,"comment_status":"closed","ping_status":"closed","template":"","meta":{"footnotes":""},"class_list":["post-212","page","type-page","status-publish","hentry"],"_links":{"self":[{"href":"https:\/\/elipsemotriz.pt\/index.php?rest_route=\/wp\/v2\/pages\/212","targetHints":{"allow":["GET"]}}],"collection":[{"href":"https:\/\/elipsemotriz.pt\/index.php?rest_route=\/wp\/v2\/pages"}],"about":[{"href":"https:\/\/elipsemotriz.pt\/index.php?rest_route=\/wp\/v2\/types\/page"}],"author":[{"embeddable":true,"href":"https:\/\/elipsemotriz.pt\/index.php?rest_route=\/wp\/v2\/users\/1"}],"replies":[{"embeddable":true,"href":"https:\/\/elipsemotriz.pt\/index.php?rest_route=%2Fwp%2Fv2%2Fcomments&post=212"}],"version-history":[{"count":13,"href":"https:\/\/elipsemotriz.pt\/index.php?rest_route=\/wp\/v2\/pages\/212\/revisions"}],"predecessor-version":[{"id":676,"href":"https:\/\/elipsemotriz.pt\/index.php?rest_route=\/wp\/v2\/pages\/212\/revisions\/676"}],"wp:attachment":[{"href":"https:\/\/elipsemotriz.pt\/index.php?rest_route=%2Fwp%2Fv2%2Fmedia&parent=212"}],"curies":[{"name":"wp","href":"https:\/\/api.w.org\/{rel}","templated":true}]}}