{"id":204,"date":"2024-01-06T16:02:32","date_gmt":"2024-01-06T16:02:32","guid":{"rendered":"https:\/\/elipsemotriz.pt\/?page_id=204"},"modified":"2024-01-13T22:38:25","modified_gmt":"2024-01-13T22:38:25","slug":"soldadura-mma","status":"publish","type":"page","link":"https:\/\/elipsemotriz.pt\/?page_id=204","title":{"rendered":"Soldadura MMA"},"content":{"rendered":"\t\t<div data-elementor-type=\"wp-page\" data-elementor-id=\"204\" class=\"elementor elementor-204\">\n\t\t\t\t\t\t\t<div class=\"elementor-element elementor-element-e3c3d4d e-flex e-con-boxed e-con e-parent\" data-id=\"e3c3d4d\" data-element_type=\"container\" data-settings=\"{&quot;content_width&quot;:&quot;boxed&quot;}\" data-core-v316-plus=\"true\">\n\t\t\t\t\t<div class=\"e-con-inner\">\n\t\t\t\t<div class=\"elementor-element elementor-element-7e2822a elementor-widget elementor-widget-image\" data-id=\"7e2822a\" data-element_type=\"widget\" data-widget_type=\"image.default\">\n\t\t\t\t<div class=\"elementor-widget-container\">\n\t\t\t<style>\/*! elementor - v3.17.0 - 25-10-2023 *\/\n.elementor-widget-image{text-align:center}.elementor-widget-image a{display:inline-block}.elementor-widget-image a img[src$=\".svg\"]{width:48px}.elementor-widget-image img{vertical-align:middle;display:inline-block}<\/style>\t\t\t\t\t\t\t\t\t\t\t\t<img fetchpriority=\"high\" decoding=\"async\" width=\"1920\" height=\"650\" src=\"https:\/\/elipsemotriz.pt\/wp-content\/uploads\/2024\/01\/8-1.jpg\" class=\"attachment-full size-full wp-image-449\" alt=\"\" srcset=\"https:\/\/elipsemotriz.pt\/wp-content\/uploads\/2024\/01\/8-1.jpg 1920w, https:\/\/elipsemotriz.pt\/wp-content\/uploads\/2024\/01\/8-1-300x102.jpg 300w, https:\/\/elipsemotriz.pt\/wp-content\/uploads\/2024\/01\/8-1-1024x347.jpg 1024w, https:\/\/elipsemotriz.pt\/wp-content\/uploads\/2024\/01\/8-1-768x260.jpg 768w, https:\/\/elipsemotriz.pt\/wp-content\/uploads\/2024\/01\/8-1-1536x520.jpg 1536w\" sizes=\"(max-width: 1920px) 100vw, 1920px\" \/>\t\t\t\t\t\t\t\t\t\t\t\t\t\t\t<\/div>\n\t\t\t\t<\/div>\n\t\t\t\t\t<\/div>\n\t\t\t\t<\/div>\n\t\t<div class=\"elementor-element elementor-element-bff9324 e-flex e-con-boxed e-con e-parent\" data-id=\"bff9324\" data-element_type=\"container\" data-settings=\"{&quot;content_width&quot;:&quot;boxed&quot;}\" data-core-v316-plus=\"true\">\n\t\t\t\t\t<div class=\"e-con-inner\">\n\t\t<div class=\"elementor-element elementor-element-36f60bb e-flex e-con-boxed e-con e-child\" data-id=\"36f60bb\" data-element_type=\"container\" data-settings=\"{&quot;content_width&quot;:&quot;boxed&quot;}\">\n\t\t\t\t\t<div class=\"e-con-inner\">\n\t\t\t\t<div class=\"elementor-element elementor-element-ed97740 elementor-position-right elementor-vertical-align-middle elementor-widget elementor-widget-image-box\" data-id=\"ed97740\" data-element_type=\"widget\" data-widget_type=\"image-box.default\">\n\t\t\t\t<div class=\"elementor-widget-container\">\n\t\t\t<style>\/*! elementor - v3.17.0 - 25-10-2023 *\/\n.elementor-widget-image-box .elementor-image-box-content{width:100%}@media (min-width:768px){.elementor-widget-image-box.elementor-position-left .elementor-image-box-wrapper,.elementor-widget-image-box.elementor-position-right .elementor-image-box-wrapper{display:flex}.elementor-widget-image-box.elementor-position-right .elementor-image-box-wrapper{text-align:right;flex-direction:row-reverse}.elementor-widget-image-box.elementor-position-left .elementor-image-box-wrapper{text-align:left;flex-direction:row}.elementor-widget-image-box.elementor-position-top .elementor-image-box-img{margin:auto}.elementor-widget-image-box.elementor-vertical-align-top .elementor-image-box-wrapper{align-items:flex-start}.elementor-widget-image-box.elementor-vertical-align-middle .elementor-image-box-wrapper{align-items:center}.elementor-widget-image-box.elementor-vertical-align-bottom .elementor-image-box-wrapper{align-items:flex-end}}@media (max-width:767px){.elementor-widget-image-box .elementor-image-box-img{margin-left:auto!important;margin-right:auto!important;margin-bottom:15px}}.elementor-widget-image-box .elementor-image-box-img{display:inline-block}.elementor-widget-image-box .elementor-image-box-title a{color:inherit}.elementor-widget-image-box .elementor-image-box-wrapper{text-align:center}.elementor-widget-image-box .elementor-image-box-description{margin:0}<\/style><div class=\"elementor-image-box-wrapper\"><figure class=\"elementor-image-box-img\"><img decoding=\"async\" width=\"500\" height=\"537\" src=\"https:\/\/elipsemotriz.pt\/wp-content\/uploads\/2024\/01\/36-e1705185094591.jpg\" class=\"attachment-full size-full wp-image-582\" alt=\"\" srcset=\"https:\/\/elipsemotriz.pt\/wp-content\/uploads\/2024\/01\/36-e1705185094591.jpg 500w, https:\/\/elipsemotriz.pt\/wp-content\/uploads\/2024\/01\/36-e1705185094591-279x300.jpg 279w\" sizes=\"(max-width: 500px) 100vw, 500px\" \/><\/figure><div class=\"elementor-image-box-content\"><h3 class=\"elementor-image-box-title\">EL\u00c9TRODOS 6013<\/h3><p class=\"elementor-image-box-description\">El\u00e9trodo 6013 com revestimento m\u00e9dio rutilo, da Strongweld;<br>Adequado para soldagem em chapas mais finas;<br>Arco suave e com boa fus\u00e3o devido \u00e0s suas propriedades;<br>Soldaduras lisas, ligeiramente c\u00f4ncavas e com uma boa fus\u00e3o com o metal base<br><br><span style=\"color: rgb(255, 255, 255);\">- 2,50 x 350 MM | <\/span><span style=\"white-space-collapse: collapse; color: rgb(220, 23, 58); font-weight: bold;\">Ref:<\/span><span style=\"white-space-collapse: collapse; color: rgb(220, 23, 58);\">&nbsp;<\/span><span style=\"color: rgb(220, 23, 58);\">EWEL<span>\ufeff<\/span>E601325UT<\/span><br style=\"color: rgb(255, 255, 255);\"><span style=\"color: rgb(255, 255, 255);\">- 3,20 x 350 MM | <\/span><span style=\"white-space-collapse: collapse; color: rgb(220, 23, 58); font-weight: bold;\">Ref:<\/span><span style=\"white-space-collapse: collapse; color: rgb(220, 23, 58);\">&nbsp;<\/span><span class=\"OYPEnA text-decoration-none text-strikethrough-none\" style=\"color: rgb(220, 23, 58);\">E<span class=\"ql-cursor\">\ufeff<\/span>WELE601332UT<\/span><\/p><\/div><\/div>\t\t<\/div>\n\t\t\t\t<\/div>\n\t\t\t\t\t<\/div>\n\t\t\t\t<\/div>\n\t\t\t\t\t<\/div>\n\t\t\t\t<\/div>\n\t\t<div class=\"elementor-element elementor-element-8201e0c e-flex e-con-boxed e-con e-parent\" data-id=\"8201e0c\" data-element_type=\"container\" data-settings=\"{&quot;content_width&quot;:&quot;boxed&quot;}\" data-core-v316-plus=\"true\">\n\t\t\t\t\t<div class=\"e-con-inner\">\n\t\t<div class=\"elementor-element elementor-element-0336d1a e-flex e-con-boxed e-con e-child\" data-id=\"0336d1a\" data-element_type=\"container\" data-settings=\"{&quot;content_width&quot;:&quot;boxed&quot;}\">\n\t\t\t\t\t<div class=\"e-con-inner\">\n\t\t\t\t<div class=\"elementor-element elementor-element-9ea6499 elementor-position-left elementor-vertical-align-middle elementor-widget elementor-widget-image-box\" data-id=\"9ea6499\" data-element_type=\"widget\" data-widget_type=\"image-box.default\">\n\t\t\t\t<div class=\"elementor-widget-container\">\n\t\t\t<div class=\"elementor-image-box-wrapper\"><figure class=\"elementor-image-box-img\"><img decoding=\"async\" width=\"500\" height=\"523\" src=\"https:\/\/elipsemotriz.pt\/wp-content\/uploads\/2024\/01\/37-e1705185338253.jpg\" class=\"attachment-full size-full wp-image-583\" alt=\"\" srcset=\"https:\/\/elipsemotriz.pt\/wp-content\/uploads\/2024\/01\/37-e1705185338253.jpg 500w, https:\/\/elipsemotriz.pt\/wp-content\/uploads\/2024\/01\/37-e1705185338253-287x300.jpg 287w\" sizes=\"(max-width: 500px) 100vw, 500px\" \/><\/figure><div class=\"elementor-image-box-content\"><h3 class=\"elementor-image-box-title\">EL\u00c9TRODOS 7018<\/h3><p class=\"elementor-image-box-description\">El\u00e9trodo 7018 com revestimento b\u00e1sico pesado, da Strongweld;<br>Adequado para soldaduras que requerem altas propriedades mec\u00e2nicas;<br>Soldaduras resistentes, isentas de fissuras<br><br><span style=\"color: rgb(255, 255, 255);\">- 2,50 x 350 MM | <\/span><span style=\"white-space-collapse: collapse; color: rgb(220, 23, 58); font-weight: bold;\">Ref:<\/span><span style=\"white-space-collapse: collapse; color: rgb(220, 23, 58);\">&nbsp;<\/span><span class=\"OYPEnA text-decoration-none text-strikethrough-none\" style=\"color: rgb(220, 23, 58);\">EWELE701825UT<\/span><br style=\"color: rgb(255, 255, 255);\"><span style=\"color: rgb(255, 255, 255);\">- 3,20 x 350 MM | <\/span><span style=\"white-space-collapse: collapse; color: rgb(220, 23, 58); font-weight: bold;\">Ref:<\/span><span style=\"white-space-collapse: collapse; color: rgb(220, 23, 58);\">&nbsp;<\/span><span class=\"OYPEnA text-decoration-none text-strikethrough-none\" style=\"color: rgb(220, 23, 58);\">EWEL<span class=\"ql-cursor\">\ufeff<\/span>E701832UT<\/span><\/p><\/div><\/div>\t\t<\/div>\n\t\t\t\t<\/div>\n\t\t\t\t\t<\/div>\n\t\t\t\t<\/div>\n\t\t\t\t\t<\/div>\n\t\t\t\t<\/div>\n\t\t<div class=\"elementor-element elementor-element-320a9bc e-flex e-con-boxed e-con e-parent\" data-id=\"320a9bc\" data-element_type=\"container\" data-settings=\"{&quot;content_width&quot;:&quot;boxed&quot;}\" data-core-v316-plus=\"true\">\n\t\t\t\t\t<div class=\"e-con-inner\">\n\t\t<div class=\"elementor-element elementor-element-c4780f2 e-flex e-con-boxed e-con e-child\" data-id=\"c4780f2\" data-element_type=\"container\" data-settings=\"{&quot;content_width&quot;:&quot;boxed&quot;}\">\n\t\t\t\t\t<div class=\"e-con-inner\">\n\t\t\t\t<div class=\"elementor-element elementor-element-df013c5 elementor-position-right elementor-vertical-align-middle elementor-widget elementor-widget-image-box\" data-id=\"df013c5\" data-element_type=\"widget\" data-widget_type=\"image-box.default\">\n\t\t\t\t<div class=\"elementor-widget-container\">\n\t\t\t<div class=\"elementor-image-box-wrapper\"><figure class=\"elementor-image-box-img\"><img loading=\"lazy\" decoding=\"async\" width=\"500\" height=\"535\" src=\"https:\/\/elipsemotriz.pt\/wp-content\/uploads\/2024\/01\/38-e1705185477951.jpg\" class=\"attachment-full size-full wp-image-584\" alt=\"\" srcset=\"https:\/\/elipsemotriz.pt\/wp-content\/uploads\/2024\/01\/38-e1705185477951.jpg 500w, https:\/\/elipsemotriz.pt\/wp-content\/uploads\/2024\/01\/38-e1705185477951-280x300.jpg 280w\" sizes=\"(max-width: 500px) 100vw, 500px\" \/><\/figure><div class=\"elementor-image-box-content\"><h3 class=\"elementor-image-box-title\">ALICATE PORTA EL\u00c9TRODOS<\/h3><p class=\"elementor-image-box-description\"><span style=\"color: rgb(255, 255, 255);\">- 200A | <\/span><span style=\"white-space-collapse: collapse; color: rgb(220, 23, 58); font-weight: bold;\">Ref:<\/span><span style=\"white-space-collapse: collapse; color: rgb(220, 23, 58);\">&nbsp;<\/span><span class=\"OYPEnA text-decoration-none text-strikethrough-none\" style=\"color: rgb(220, 23, 58);\">E<span class=\"ql-cursor\">\ufeff<\/span>WSOL00152<\/span><br style=\"color: rgb(255, 255, 255);\"><span style=\"color: rgb(255, 255, 255);\">- 400A | <\/span><span style=\"white-space-collapse: collapse; color: rgb(220, 23, 58); font-weight: bold;\">Ref:<\/span><span style=\"white-space-collapse: collapse; color: rgb(220, 23, 58);\">&nbsp;<\/span><span class=\"OYPEnA text-decoration-none text-strikethrough-none\" style=\"color: rgb(220, 23, 58);\">E<span class=\"ql-cursor\">\ufeff<\/span>WSOL00153<\/span><br><span style=\"color: rgb(255, 255, 255);\">- 600A | <\/span><span style=\"white-space-collapse: collapse; color: rgb(220, 23, 58); font-weight: bold;\">Ref:<\/span><span style=\"white-space-collapse: collapse; color: rgb(220, 23, 58);\">&nbsp;<\/span><span class=\"OYPEnA text-decoration-none text-strikethrough-none\" style=\"color: rgb(220, 23, 58);\">E<span class=\"ql-cursor\">\ufeff<\/span>WSOL00154<\/span><\/p><\/div><\/div>\t\t<\/div>\n\t\t\t\t<\/div>\n\t\t\t\t\t<\/div>\n\t\t\t\t<\/div>\n\t\t\t\t\t<\/div>\n\t\t\t\t<\/div>\n\t\t\t\t\t\t\t<\/div>\n\t\t","protected":false},"excerpt":{"rendered":"<p>EL\u00c9TRODOS 6013 El\u00e9trodo 6013 com revestimento m\u00e9dio rutilo, da Strongweld;Adequado para soldagem em chapas mais finas;Arco suave e com boa fus\u00e3o devido \u00e0s suas propriedades;Soldaduras lisas, ligeiramente c\u00f4ncavas e com uma boa fus\u00e3o com o metal base &#8211; 2,50 x 350 MM | Ref:&nbsp;EWEL\ufeffE601325UT&#8211; 3,20 x 350 MM | Ref:&nbsp;E\ufeffWELE601332UT EL\u00c9TRODOS 7018 El\u00e9trodo 7018 com [&hellip;]<\/p>\n","protected":false},"author":1,"featured_media":0,"parent":0,"menu_order":0,"comment_status":"closed","ping_status":"closed","template":"","meta":{"footnotes":""},"class_list":["post-204","page","type-page","status-publish","hentry"],"_links":{"self":[{"href":"https:\/\/elipsemotriz.pt\/index.php?rest_route=\/wp\/v2\/pages\/204","targetHints":{"allow":["GET"]}}],"collection":[{"href":"https:\/\/elipsemotriz.pt\/index.php?rest_route=\/wp\/v2\/pages"}],"about":[{"href":"https:\/\/elipsemotriz.pt\/index.php?rest_route=\/wp\/v2\/types\/page"}],"author":[{"embeddable":true,"href":"https:\/\/elipsemotriz.pt\/index.php?rest_route=\/wp\/v2\/users\/1"}],"replies":[{"embeddable":true,"href":"https:\/\/elipsemotriz.pt\/index.php?rest_route=%2Fwp%2Fv2%2Fcomments&post=204"}],"version-history":[{"count":7,"href":"https:\/\/elipsemotriz.pt\/index.php?rest_route=\/wp\/v2\/pages\/204\/revisions"}],"predecessor-version":[{"id":587,"href":"https:\/\/elipsemotriz.pt\/index.php?rest_route=\/wp\/v2\/pages\/204\/revisions\/587"}],"wp:attachment":[{"href":"https:\/\/elipsemotriz.pt\/index.php?rest_route=%2Fwp%2Fv2%2Fmedia&parent=204"}],"curies":[{"name":"wp","href":"https:\/\/api.w.org\/{rel}","templated":true}]}}