{"id":2,"date":"2023-10-18T13:43:46","date_gmt":"2023-10-18T13:43:46","guid":{"rendered":"https:\/\/elipsemotriz.pt\/?page_id=2"},"modified":"2024-01-14T17:56:01","modified_gmt":"2024-01-14T17:56:01","slug":"sample-page","status":"publish","type":"page","link":"https:\/\/elipsemotriz.pt\/?page_id=2","title":{"rendered":"Sobre N\u00f3s"},"content":{"rendered":"\t\t<div data-elementor-type=\"wp-page\" data-elementor-id=\"2\" class=\"elementor elementor-2\">\n\t\t\t\t\t\t\t<div class=\"elementor-element elementor-element-f45e3dd e-flex e-con-boxed e-con e-parent\" data-id=\"f45e3dd\" data-element_type=\"container\" data-settings=\"{&quot;content_width&quot;:&quot;boxed&quot;}\" data-core-v316-plus=\"true\">\n\t\t\t\t\t<div class=\"e-con-inner\">\n\t\t\t\t<div class=\"elementor-element elementor-element-4c057c6 elementor-widget elementor-widget-image\" data-id=\"4c057c6\" data-element_type=\"widget\" data-widget_type=\"image.default\">\n\t\t\t\t<div class=\"elementor-widget-container\">\n\t\t\t<style>\/*! elementor - v3.17.0 - 25-10-2023 *\/\n.elementor-widget-image{text-align:center}.elementor-widget-image a{display:inline-block}.elementor-widget-image a img[src$=\".svg\"]{width:48px}.elementor-widget-image img{vertical-align:middle;display:inline-block}<\/style>\t\t\t\t\t\t\t\t\t\t\t\t<img fetchpriority=\"high\" decoding=\"async\" width=\"1920\" height=\"650\" src=\"https:\/\/elipsemotriz.pt\/wp-content\/uploads\/2024\/01\/5.jpg\" class=\"attachment-full size-full wp-image-238\" alt=\"\" srcset=\"https:\/\/elipsemotriz.pt\/wp-content\/uploads\/2024\/01\/5.jpg 1920w, https:\/\/elipsemotriz.pt\/wp-content\/uploads\/2024\/01\/5-300x102.jpg 300w, https:\/\/elipsemotriz.pt\/wp-content\/uploads\/2024\/01\/5-1024x347.jpg 1024w, https:\/\/elipsemotriz.pt\/wp-content\/uploads\/2024\/01\/5-768x260.jpg 768w, https:\/\/elipsemotriz.pt\/wp-content\/uploads\/2024\/01\/5-1536x520.jpg 1536w\" sizes=\"(max-width: 1920px) 100vw, 1920px\" \/>\t\t\t\t\t\t\t\t\t\t\t\t\t\t\t<\/div>\n\t\t\t\t<\/div>\n\t\t\t\t\t<\/div>\n\t\t\t\t<\/div>\n\t\t<div class=\"elementor-element elementor-element-527388bf e-flex e-con-boxed e-con e-parent\" data-id=\"527388bf\" data-element_type=\"container\" data-settings=\"{&quot;content_width&quot;:&quot;boxed&quot;}\" data-core-v316-plus=\"true\">\n\t\t\t\t\t<div class=\"e-con-inner\">\n\t\t\t\t<div class=\"elementor-element elementor-element-3d0132cc elementor-widget elementor-widget-text-editor\" data-id=\"3d0132cc\" data-element_type=\"widget\" data-widget_type=\"text-editor.default\">\n\t\t\t\t<div class=\"elementor-widget-container\">\n\t\t\t<style>\/*! elementor - v3.17.0 - 25-10-2023 *\/\n.elementor-widget-text-editor.elementor-drop-cap-view-stacked .elementor-drop-cap{background-color:#69727d;color:#fff}.elementor-widget-text-editor.elementor-drop-cap-view-framed .elementor-drop-cap{color:#69727d;border:3px solid;background-color:transparent}.elementor-widget-text-editor:not(.elementor-drop-cap-view-default) .elementor-drop-cap{margin-top:8px}.elementor-widget-text-editor:not(.elementor-drop-cap-view-default) .elementor-drop-cap-letter{width:1em;height:1em}.elementor-widget-text-editor .elementor-drop-cap{float:left;text-align:center;line-height:1;font-size:50px}.elementor-widget-text-editor .elementor-drop-cap-letter{display:inline-block}<\/style>\t\t\t\t<p><!-- wp:columns {\"align\":\"wide\"} --><\/p>\n<div class=\"wp-block-columns alignwide\">\n<p><!-- wp:column {\"width\":\"100%\"} --><\/p>\n<div class=\"wp-block-column\" style=\"flex-basis: 100%;\">\n<p><!-- wp:paragraph {\"style\":{\"elements\":{\"link\":{\"color\":{\"text\":\"var:preset|color|base\"}}}},\"textColor\":\"base\"} --><\/p>\n<p class=\"has-base-color has-text-color has-link-color\">A <strong><em>ElipseMotriz &#8211; Artigos e Gases Industriais, Lda.<\/em><\/strong>, \u00e9 uma empresa familiar, fundada em 2023, no concelho de Loures, e dedica-se \u00e0 comercializa\u00e7\u00e3o e distribui\u00e7\u00e3o de <strong>Gases Industriais<\/strong> (oxig\u00e9nio, azoto, \u00e1rgon, di\u00f3xido de carbono, entre outros) e <strong>Gases Refrigerantes<\/strong> (R134A, R32, R1234YF, R410A, entre outros).<\/p>\n<p><!-- \/wp:paragraph --><\/p>\n<\/div>\n<p><!-- \/wp:column --><\/p>\n<\/div>\n<p><!-- \/wp:columns --><\/p>\n<p><!-- wp:columns {\"align\":\"wide\"} --><\/p>\n<div class=\"wp-block-columns alignwide\">\n<p><!-- wp:column {\"width\":\"100%\"} --><\/p>\n<div class=\"wp-block-column\" style=\"flex-basis: 100%;\">\n<p><!-- wp:paragraph {\"style\":{\"elements\":{\"link\":{\"color\":{\"text\":\"var:preset|color|base\"}}}},\"textColor\":\"base\"} --><\/p>\n<p class=\"has-base-color has-text-color has-link-color\">Al\u00e9m disso, para completar a sua oferta de gases tamb\u00e9m disp\u00f5e de <strong>artigos de Soldadura<\/strong> (m\u00e1scaras, ma\u00e7aricos, tochas, m\u00e1quinas, fio s\u00f3lido, entre outros) e de <strong>Climatiza\u00e7\u00e3o<\/strong>, mais concretamente materiais utilizados na instala\u00e7\u00e3o e manuten\u00e7\u00e3o de ar condicionado (AC, poleias, tubos de esgoto, rolos de cobre, entre outros).<\/p>\n<p><!-- \/wp:paragraph --><\/p>\n<\/div>\n<p><!-- \/wp:column --><\/p>\n<\/div>\n<p><!-- \/wp:columns --><\/p>\n<p><!-- wp:columns {\"align\":\"wide\"} --><\/p>\n<div class=\"wp-block-columns alignwide\">\n<p><!-- wp:column {\"width\":\"100%\"} --><\/p>\n<div class=\"wp-block-column\" style=\"flex-basis: 100%;\">\n<p><!-- wp:quote {\"style\":{\"elements\":{\"link\":{\"color\":{\"text\":\"var:preset|color|contrast\"}}}},\"backgroundColor\":\"base\",\"textColor\":\"contrast\"} --><\/p>\n<blockquote class=\"wp-block-quote has-contrast-color has-base-background-color has-text-color has-background has-link-color\">\n<p><!-- wp:paragraph {\"align\":\"center\",\"style\":{\"elements\":{\"link\":{\"color\":{\"text\":\"var:preset|color|base\"}}}},\"textColor\":\"base\"} --><\/p>\n<p class=\"has-text-align-center has-base-color has-text-color has-link-color\">A nossa miss\u00e3o prende-se em corresponder \u00e0s necessidades reais dos nossos clientes e ter uma rede de oferta de produtos com vista a sermos considerados um parceiro fi\u00e1vel, atrav\u00e9s de uma equipa unida e valores partilhados.<\/p>\n<p><!-- \/wp:paragraph --><\/p>\n<\/blockquote>\n<p><!-- \/wp:quote --><\/p>\n<p><!-- wp:quote {\"style\":{\"elements\":{\"link\":{\"color\":{\"text\":\"var:preset|color|base\"}}}},\"textColor\":\"base\"} --><\/p>\n<\/div>\n<p><br \/><!-- \/wp:column --><\/p>\n<\/div>\n<p><!-- \/wp:columns --><\/p>\n<p><!-- wp:columns {\"align\":\"wide\"} --><\/p>\n<div class=\"wp-block-columns alignwide\">\n<p><!-- wp:column {\"width\":\"100%\"} --><\/p>\n<div class=\"wp-block-column\" style=\"flex-basis: 100%;\">\n<p><!-- wp:paragraph {\"style\":{\"elements\":{\"link\":{\"color\":{\"text\":\"var:preset|color|base\"}}}},\"textColor\":\"base\"} --><\/p>\n<p class=\"has-base-color has-text-color has-link-color\"><strong>Valores<\/strong><\/p>\n<\/div>\n<\/div>\n<div class=\"wp-block-columns alignwide\">\n<div class=\"wp-block-column\" style=\"flex-basis: 100%;\">\n<ul class=\"has-base-color has-text-color has-link-color\">\n<li style=\"list-style-type: none;\">\n<ul class=\"has-base-color has-text-color has-link-color\">\n<li><strong>Transpar\u00eancia<\/strong> com os clientes e parceiros;<\/li>\n<\/ul>\n<\/li>\n<\/ul>\n<p><!-- \/wp:list-item --><\/p>\n<p><!-- wp:list-item --><\/p>\n<ul class=\"has-base-color has-text-color has-link-color\">\n<li style=\"list-style-type: none;\">\n<ul class=\"has-base-color has-text-color has-link-color\">\n<li><strong>Qualidade<\/strong> dos produtos e servi\u00e7o prestado;<\/li>\n<\/ul>\n<\/li>\n<\/ul>\n<p><!-- \/wp:list-item --><\/p>\n<p><!-- wp:list-item --><\/p>\n<ul class=\"has-base-color has-text-color has-link-color\">\n<li style=\"list-style-type: none;\">\n<ul class=\"has-base-color has-text-color has-link-color\">\n<li><strong>Seguran\u00e7a<\/strong> dos nossos colaboradores, clientes e produtos;<\/li>\n<\/ul>\n<\/li>\n<\/ul>\n<p><!-- \/wp:list-item --><\/p>\n<p><!-- wp:list-item --><\/p>\n<ul class=\"has-base-color has-text-color has-link-color\">\n<li style=\"list-style-type: none;\">\n<ul class=\"has-base-color has-text-color has-link-color\">\n<li><strong>Responsabilidade Social e Ambiental<\/strong> em toda a atividade;<\/li>\n<\/ul>\n<\/li>\n<\/ul>\n<p><!-- \/wp:list-item --><\/p>\n<p><!-- wp:list-item --><\/p>\n<ul class=\"has-base-color has-text-color has-link-color\">\n<li style=\"list-style-type: none;\">\n<ul class=\"has-base-color has-text-color has-link-color\">\n<li><strong>Sustentabilidade<\/strong> no crescimento do neg\u00f3cio.<\/li>\n<\/ul>\n<\/li>\n<\/ul>\n<p><!-- \/wp:list-item --><\/p>\n<p><!-- \/wp:list --><\/p>\n<\/div>\n<p><!-- \/wp:column --><\/p>\n<\/div>\n<p><!-- \/wp:columns --><\/p>\n<p><!-- wp:columns {\"align\":\"wide\"} --><\/p>\n<div class=\"wp-block-columns alignwide\">\n<p><!-- wp:column {\"width\":\"100%\"} --><\/p>\n<div class=\"wp-block-column\" style=\"flex-basis: 100%;\">\n<p><!-- wp:quote {\"style\":{\"elements\":{\"link\":{\"color\":{\"text\":\"var:preset|color|base\"}}}},\"textColor\":\"base\"} --><\/p>\n<blockquote class=\"wp-block-quote has-base-color has-text-color has-link-color\">\n<p><!-- wp:paragraph {\"align\":\"center\"} --><\/p>\n<p class=\"has-text-align-center\">Temos uma grande proximidade com os nossos clientes e como tal, a sua m\u00e1xima satisfa\u00e7\u00e3o \u00e9 uma prioridade para n\u00f3s. Focamo-nos constantemente na qualidade dos produtos e na rapidez do servi\u00e7o para ir de encontro \u00e0s suas expectativas e necessidades.<\/p>\n<p><!-- \/wp:paragraph --><\/p>\n<\/blockquote>\n<p><!-- \/wp:quote --><\/p>\n<\/div>\n<p><!-- \/wp:column --><\/p>\n<\/div>\n<p><!-- \/wp:columns --><\/p>\n<p><!-- wp:paragraph --><\/p>\n<p><!-- \/wp:paragraph --><\/p>\t\t\t\t\t\t<\/div>\n\t\t\t\t<\/div>\n\t\t\t\t\t<\/div>\n\t\t\t\t<\/div>\n\t\t\t\t\t\t\t<\/div>\n\t\t","protected":false},"excerpt":{"rendered":"<p>A ElipseMotriz &#8211; Artigos e Gases Industriais, Lda., \u00e9 uma empresa familiar, fundada em 2023, no concelho de Loures, e dedica-se \u00e0 comercializa\u00e7\u00e3o e distribui\u00e7\u00e3o de Gases Industriais (oxig\u00e9nio, azoto, \u00e1rgon, di\u00f3xido de carbono, entre outros) e Gases Refrigerantes (R134A, R32, R1234YF, R410A, entre outros). Al\u00e9m disso, para completar a sua oferta de gases tamb\u00e9m [&hellip;]<\/p>\n","protected":false},"author":1,"featured_media":0,"parent":0,"menu_order":0,"comment_status":"closed","ping_status":"open","template":"","meta":{"footnotes":""},"class_list":["post-2","page","type-page","status-publish","hentry"],"_links":{"self":[{"href":"https:\/\/elipsemotriz.pt\/index.php?rest_route=\/wp\/v2\/pages\/2","targetHints":{"allow":["GET"]}}],"collection":[{"href":"https:\/\/elipsemotriz.pt\/index.php?rest_route=\/wp\/v2\/pages"}],"about":[{"href":"https:\/\/elipsemotriz.pt\/index.php?rest_route=\/wp\/v2\/types\/page"}],"author":[{"embeddable":true,"href":"https:\/\/elipsemotriz.pt\/index.php?rest_route=\/wp\/v2\/users\/1"}],"replies":[{"embeddable":true,"href":"https:\/\/elipsemotriz.pt\/index.php?rest_route=%2Fwp%2Fv2%2Fcomments&post=2"}],"version-history":[{"count":37,"href":"https:\/\/elipsemotriz.pt\/index.php?rest_route=\/wp\/v2\/pages\/2\/revisions"}],"predecessor-version":[{"id":681,"href":"https:\/\/elipsemotriz.pt\/index.php?rest_route=\/wp\/v2\/pages\/2\/revisions\/681"}],"wp:attachment":[{"href":"https:\/\/elipsemotriz.pt\/index.php?rest_route=%2Fwp%2Fv2%2Fmedia&parent=2"}],"curies":[{"name":"wp","href":"https:\/\/api.w.org\/{rel}","templated":true}]}}