{"id":191,"date":"2024-01-06T15:57:53","date_gmt":"2024-01-06T15:57:53","guid":{"rendered":"https:\/\/elipsemotriz.pt\/?page_id=191"},"modified":"2024-01-12T14:41:48","modified_gmt":"2024-01-12T14:41:48","slug":"gases-refrigerantes","status":"publish","type":"page","link":"https:\/\/elipsemotriz.pt\/?page_id=191","title":{"rendered":"Gases Refrigerantes"},"content":{"rendered":"\t\t<div data-elementor-type=\"wp-page\" data-elementor-id=\"191\" class=\"elementor elementor-191\">\n\t\t\t\t\t\t\t<div class=\"elementor-element elementor-element-2b3fe30 e-flex e-con-boxed e-con e-parent\" data-id=\"2b3fe30\" data-element_type=\"container\" data-settings=\"{&quot;content_width&quot;:&quot;boxed&quot;}\" data-core-v316-plus=\"true\">\n\t\t\t\t\t<div class=\"e-con-inner\">\n\t\t\t\t<div class=\"elementor-element elementor-element-37f4ba5 elementor-widget elementor-widget-image\" data-id=\"37f4ba5\" data-element_type=\"widget\" data-widget_type=\"image.default\">\n\t\t\t\t<div class=\"elementor-widget-container\">\n\t\t\t<style>\/*! elementor - v3.17.0 - 25-10-2023 *\/\n.elementor-widget-image{text-align:center}.elementor-widget-image a{display:inline-block}.elementor-widget-image a img[src$=\".svg\"]{width:48px}.elementor-widget-image img{vertical-align:middle;display:inline-block}<\/style>\t\t\t\t\t\t\t\t\t\t\t\t<img fetchpriority=\"high\" decoding=\"async\" width=\"1920\" height=\"650\" src=\"https:\/\/elipsemotriz.pt\/wp-content\/uploads\/2024\/01\/2-3.jpg\" class=\"attachment-full size-full wp-image-336\" alt=\"\" srcset=\"https:\/\/elipsemotriz.pt\/wp-content\/uploads\/2024\/01\/2-3.jpg 1920w, https:\/\/elipsemotriz.pt\/wp-content\/uploads\/2024\/01\/2-3-300x102.jpg 300w, https:\/\/elipsemotriz.pt\/wp-content\/uploads\/2024\/01\/2-3-1024x347.jpg 1024w, https:\/\/elipsemotriz.pt\/wp-content\/uploads\/2024\/01\/2-3-768x260.jpg 768w, https:\/\/elipsemotriz.pt\/wp-content\/uploads\/2024\/01\/2-3-1536x520.jpg 1536w\" sizes=\"(max-width: 1920px) 100vw, 1920px\" \/>\t\t\t\t\t\t\t\t\t\t\t\t\t\t\t<\/div>\n\t\t\t\t<\/div>\n\t\t\t\t\t<\/div>\n\t\t\t\t<\/div>\n\t\t<div class=\"elementor-element elementor-element-78b3e36 e-flex e-con-boxed e-con e-parent\" data-id=\"78b3e36\" data-element_type=\"container\" data-settings=\"{&quot;content_width&quot;:&quot;boxed&quot;}\" data-core-v316-plus=\"true\">\n\t\t\t\t\t<div class=\"e-con-inner\">\n\t\t\t\t<div class=\"elementor-element elementor-element-31b50fd elementor-widget elementor-widget-heading\" data-id=\"31b50fd\" data-element_type=\"widget\" data-widget_type=\"heading.default\">\n\t\t\t\t<div class=\"elementor-widget-container\">\n\t\t\t<style>\/*! elementor - v3.17.0 - 25-10-2023 *\/\n.elementor-heading-title{padding:0;margin:0;line-height:1}.elementor-widget-heading .elementor-heading-title[class*=elementor-size-]>a{color:inherit;font-size:inherit;line-height:inherit}.elementor-widget-heading .elementor-heading-title.elementor-size-small{font-size:15px}.elementor-widget-heading .elementor-heading-title.elementor-size-medium{font-size:19px}.elementor-widget-heading .elementor-heading-title.elementor-size-large{font-size:29px}.elementor-widget-heading .elementor-heading-title.elementor-size-xl{font-size:39px}.elementor-widget-heading .elementor-heading-title.elementor-size-xxl{font-size:59px}<\/style><h3 class=\"elementor-heading-title elementor-size-default\">Enchemos a sua garrafa de g\u00e1s consoante a quantidade pretendida<\/h3>\t\t<\/div>\n\t\t\t\t<\/div>\n\t\t\t\t\t<\/div>\n\t\t\t\t<\/div>\n\t\t<div class=\"elementor-element elementor-element-3251619 e-flex e-con-boxed e-con e-parent\" data-id=\"3251619\" data-element_type=\"container\" data-settings=\"{&quot;content_width&quot;:&quot;boxed&quot;}\" data-core-v316-plus=\"true\">\n\t\t\t\t\t<div class=\"e-con-inner\">\n\t\t\t\t<div class=\"elementor-element elementor-element-d2b269d elementor-widget elementor-widget-text-editor\" data-id=\"d2b269d\" data-element_type=\"widget\" data-widget_type=\"text-editor.default\">\n\t\t\t\t<div class=\"elementor-widget-container\">\n\t\t\t<style>\/*! elementor - v3.17.0 - 25-10-2023 *\/\n.elementor-widget-text-editor.elementor-drop-cap-view-stacked .elementor-drop-cap{background-color:#69727d;color:#fff}.elementor-widget-text-editor.elementor-drop-cap-view-framed .elementor-drop-cap{color:#69727d;border:3px solid;background-color:transparent}.elementor-widget-text-editor:not(.elementor-drop-cap-view-default) .elementor-drop-cap{margin-top:8px}.elementor-widget-text-editor:not(.elementor-drop-cap-view-default) .elementor-drop-cap-letter{width:1em;height:1em}.elementor-widget-text-editor .elementor-drop-cap{float:left;text-align:center;line-height:1;font-size:50px}.elementor-widget-text-editor .elementor-drop-cap-letter{display:inline-block}<\/style>\t\t\t\t<p>Tamb\u00e9m temos dispon\u00edvel a op\u00e7\u00e3o de compra de garrafa com g\u00e1s<\/p>\t\t\t\t\t\t<\/div>\n\t\t\t\t<\/div>\n\t\t\t\t<div class=\"elementor-element elementor-element-b39ea8e elementor-position-left elementor-vertical-align-middle elementor-widget elementor-widget-image-box\" data-id=\"b39ea8e\" data-element_type=\"widget\" data-widget_type=\"image-box.default\">\n\t\t\t\t<div class=\"elementor-widget-container\">\n\t\t\t<style>\/*! elementor - v3.17.0 - 25-10-2023 *\/\n.elementor-widget-image-box .elementor-image-box-content{width:100%}@media (min-width:768px){.elementor-widget-image-box.elementor-position-left .elementor-image-box-wrapper,.elementor-widget-image-box.elementor-position-right .elementor-image-box-wrapper{display:flex}.elementor-widget-image-box.elementor-position-right .elementor-image-box-wrapper{text-align:right;flex-direction:row-reverse}.elementor-widget-image-box.elementor-position-left .elementor-image-box-wrapper{text-align:left;flex-direction:row}.elementor-widget-image-box.elementor-position-top .elementor-image-box-img{margin:auto}.elementor-widget-image-box.elementor-vertical-align-top .elementor-image-box-wrapper{align-items:flex-start}.elementor-widget-image-box.elementor-vertical-align-middle .elementor-image-box-wrapper{align-items:center}.elementor-widget-image-box.elementor-vertical-align-bottom .elementor-image-box-wrapper{align-items:flex-end}}@media (max-width:767px){.elementor-widget-image-box .elementor-image-box-img{margin-left:auto!important;margin-right:auto!important;margin-bottom:15px}}.elementor-widget-image-box .elementor-image-box-img{display:inline-block}.elementor-widget-image-box .elementor-image-box-title a{color:inherit}.elementor-widget-image-box .elementor-image-box-wrapper{text-align:center}.elementor-widget-image-box .elementor-image-box-description{margin:0}<\/style><div class=\"elementor-image-box-wrapper\"><figure class=\"elementor-image-box-img\"><img decoding=\"async\" width=\"500\" height=\"700\" src=\"https:\/\/elipsemotriz.pt\/wp-content\/uploads\/2024\/01\/8.jpg\" class=\"attachment-1536x1536 size-1536x1536 wp-image-391\" alt=\"\" srcset=\"https:\/\/elipsemotriz.pt\/wp-content\/uploads\/2024\/01\/8.jpg 500w, https:\/\/elipsemotriz.pt\/wp-content\/uploads\/2024\/01\/8-214x300.jpg 214w\" sizes=\"(max-width: 500px) 100vw, 500px\" \/><\/figure><div class=\"elementor-image-box-content\"><h2 class=\"elementor-image-box-title\">R 134A<br>R 410A<br>R 407C<br>R 404A<br>R 449A \/ XP40<br>R 744<br>R 452A \/ XP44<\/h2><\/div><\/div>\t\t<\/div>\n\t\t\t\t<\/div>\n\t\t\t\t<div class=\"elementor-element elementor-element-470bfe3 elementor-position-right elementor-vertical-align-top elementor-widget elementor-widget-image-box\" data-id=\"470bfe3\" data-element_type=\"widget\" data-widget_type=\"image-box.default\">\n\t\t\t\t<div class=\"elementor-widget-container\">\n\t\t\t<div class=\"elementor-image-box-wrapper\"><figure class=\"elementor-image-box-img\"><img decoding=\"async\" width=\"500\" height=\"700\" src=\"https:\/\/elipsemotriz.pt\/wp-content\/uploads\/2024\/01\/10.jpg\" class=\"attachment-1536x1536 size-1536x1536 wp-image-395\" alt=\"\" srcset=\"https:\/\/elipsemotriz.pt\/wp-content\/uploads\/2024\/01\/10.jpg 500w, https:\/\/elipsemotriz.pt\/wp-content\/uploads\/2024\/01\/10-214x300.jpg 214w\" sizes=\"(max-width: 500px) 100vw, 500px\" \/><\/figure><div class=\"elementor-image-box-content\"><h1 class=\"elementor-image-box-title\">R 32<\/h1><p class=\"elementor-image-box-description\">- G\u00e1s 5 Kg | <span style=\"color: rgb(115, 91, 155); font-weight: 700;\">Ref:<\/span><span style=\"color: rgb(115, 91, 155);\"> GASR325KG<\/span><br>- G\u00e1s 9 Kg | <span style=\"color: rgb(115, 91, 155); font-weight: 700;\">Ref:<\/span><span style=\"color: rgb(115, 91, 155);\"> GASR329KG<\/span><br>- Garrafa 5 Kg | <span class=\"OYPEnA text-decoration-none text-strikethrough-none\" style=\"color: rgb(115, 91, 155); font-weight: 700;\">Ref:<\/span><span class=\"OYPEnA text-decoration-none text-strikethrough-none\" style=\"color: rgb(115, 91, 155);\"> <span class=\"ql-cursor\">\ufeff<\/span>GARR325KG<\/span><br>- Garrafa 9 Kg | <span class=\"OYPEnA text-decoration-none text-strikethrough-none\" style=\"color: rgb(115, 91, 155); font-weight: 700;\">Ref:<\/span><span class=\"OYPEnA text-decoration-none text-strikethrough-none\" style=\"color: rgb(115, 91, 155);\"> GARR329KG<\/span><br>- Acess\u00f3rio de redu\u00e7\u00e3o para garrafa R32 -  5\/16'\u2019 | <span class=\"OYPEnA text-decoration-none text-strikethrough-none\" style=\"color: rgb(115, 91, 155); font-weight: 700;\">Ref:<\/span><span class=\"OYPEnA text-decoration-none text-strikethrough-none\" style=\"color: rgb(115, 91, 155);\"> ACER32<\/span><\/p><\/div><\/div>\t\t<\/div>\n\t\t\t\t<\/div>\n\t\t\t\t<div class=\"elementor-element elementor-element-9f8d7eb elementor-position-left elementor-vertical-align-top elementor-widget elementor-widget-image-box\" data-id=\"9f8d7eb\" data-element_type=\"widget\" data-widget_type=\"image-box.default\">\n\t\t\t\t<div class=\"elementor-widget-container\">\n\t\t\t<div class=\"elementor-image-box-wrapper\"><figure class=\"elementor-image-box-img\"><img loading=\"lazy\" decoding=\"async\" width=\"500\" height=\"700\" src=\"https:\/\/elipsemotriz.pt\/wp-content\/uploads\/2024\/01\/11.jpg\" class=\"attachment-1536x1536 size-1536x1536 wp-image-396\" alt=\"\" srcset=\"https:\/\/elipsemotriz.pt\/wp-content\/uploads\/2024\/01\/11.jpg 500w, https:\/\/elipsemotriz.pt\/wp-content\/uploads\/2024\/01\/11-214x300.jpg 214w\" sizes=\"(max-width: 500px) 100vw, 500px\" \/><\/figure><div class=\"elementor-image-box-content\"><h1 class=\"elementor-image-box-title\">R 1234 YF<\/h1><p class=\"elementor-image-box-description\">- G\u00e1s 5 Kg | <span style=\"color: rgb(115, 91, 155); font-weight: 700;\">Ref:<\/span><span style=\"color: rgb(115, 91, 155);\"> <\/span><span style=\"color: rgb(115, 91, 155);\">G\ufeff<span>\ufeff<\/span>ASR1234YF5KG<\/span><br>- G\u00e1s 10 Kg | <span style=\"color: rgb(115, 91, 155); font-weight: 700;\">Ref:<\/span><span style=\"color: rgb(115, 91, 155);\"> <\/span><span style=\"color: rgb(115, 91, 155);\">GASR1234YF10KG<\/span><br>- Garrafa 5 Kg | <span style=\"color: rgb(115, 91, 155); font-weight: 700;\">Ref:<\/span><span style=\"color: rgb(115, 91, 155);\"> GARR1234YF5KG<\/span><br>- Garrafa 10 Kg | <span style=\"color: rgb(115, 91, 155); font-weight: 700;\">Ref:<\/span><span style=\"color: rgb(115, 91, 155);\"> GARR1234YF10KG<\/span><br>- Acess\u00f3rio de redu\u00e7\u00e3o para garrafa R1234YF -  5\/16'\u2019 | <span style=\"color: rgb(115, 91, 155); font-weight: 700;\">Ref:<\/span><span style=\"color: rgb(115, 91, 155);\"> ACER1234YF<\/span><\/p><\/div><\/div>\t\t<\/div>\n\t\t\t\t<\/div>\n\t\t\t\t<div class=\"elementor-element elementor-element-cd97d3d elementor-position-right elementor-vertical-align-top elementor-widget elementor-widget-image-box\" data-id=\"cd97d3d\" data-element_type=\"widget\" data-widget_type=\"image-box.default\">\n\t\t\t\t<div class=\"elementor-widget-container\">\n\t\t\t<div class=\"elementor-image-box-wrapper\"><figure class=\"elementor-image-box-img\"><img loading=\"lazy\" decoding=\"async\" width=\"500\" height=\"700\" src=\"https:\/\/elipsemotriz.pt\/wp-content\/uploads\/2024\/01\/9.jpg\" class=\"attachment-1536x1536 size-1536x1536 wp-image-397\" alt=\"\" srcset=\"https:\/\/elipsemotriz.pt\/wp-content\/uploads\/2024\/01\/9.jpg 500w, https:\/\/elipsemotriz.pt\/wp-content\/uploads\/2024\/01\/9-214x300.jpg 214w\" sizes=\"(max-width: 500px) 100vw, 500px\" \/><\/figure><div class=\"elementor-image-box-content\"><h3 class=\"elementor-image-box-title\"><br>Manuseamento de Gases Flourados<br><\/h3><p class=\"elementor-image-box-description\"><b>Obrigatoriedade de certifica\u00e7\u00e3o: <\/b><i>Decreto-Lei n.\u00ba 145\/2017, art.\u00ba 13.\u00ba<\/i><br><br><br><b>Pre\u00e7os sob consulta<\/b><\/p><\/div><\/div>\t\t<\/div>\n\t\t\t\t<\/div>\n\t\t\t\t\t<\/div>\n\t\t\t\t<\/div>\n\t\t\t\t\t\t\t<\/div>\n\t\t","protected":false},"excerpt":{"rendered":"<p>Enchemos a sua garrafa de g\u00e1s consoante a quantidade pretendida Tamb\u00e9m temos dispon\u00edvel a op\u00e7\u00e3o de compra de garrafa com g\u00e1s R 134AR 410AR 407CR 404AR 449A \/ XP40R 744R 452A \/ XP44 R 32 &#8211; G\u00e1s 5 Kg | Ref: GASR325KG&#8211; G\u00e1s 9 Kg | Ref: GASR329KG&#8211; Garrafa 5 Kg | Ref: \ufeffGARR325KG&#8211; Garrafa [&hellip;]<\/p>\n","protected":false},"author":1,"featured_media":0,"parent":0,"menu_order":0,"comment_status":"closed","ping_status":"closed","template":"","meta":{"footnotes":""},"class_list":["post-191","page","type-page","status-publish","hentry"],"_links":{"self":[{"href":"https:\/\/elipsemotriz.pt\/index.php?rest_route=\/wp\/v2\/pages\/191","targetHints":{"allow":["GET"]}}],"collection":[{"href":"https:\/\/elipsemotriz.pt\/index.php?rest_route=\/wp\/v2\/pages"}],"about":[{"href":"https:\/\/elipsemotriz.pt\/index.php?rest_route=\/wp\/v2\/types\/page"}],"author":[{"embeddable":true,"href":"https:\/\/elipsemotriz.pt\/index.php?rest_route=\/wp\/v2\/users\/1"}],"replies":[{"embeddable":true,"href":"https:\/\/elipsemotriz.pt\/index.php?rest_route=%2Fwp%2Fv2%2Fcomments&post=191"}],"version-history":[{"count":23,"href":"https:\/\/elipsemotriz.pt\/index.php?rest_route=\/wp\/v2\/pages\/191\/revisions"}],"predecessor-version":[{"id":540,"href":"https:\/\/elipsemotriz.pt\/index.php?rest_route=\/wp\/v2\/pages\/191\/revisions\/540"}],"wp:attachment":[{"href":"https:\/\/elipsemotriz.pt\/index.php?rest_route=%2Fwp%2Fv2%2Fmedia&parent=191"}],"curies":[{"name":"wp","href":"https:\/\/api.w.org\/{rel}","templated":true}]}}