{"id":135,"date":"2024-01-06T13:53:09","date_gmt":"2024-01-06T13:53:09","guid":{"rendered":"https:\/\/elipsemotriz.pt\/?page_id=135"},"modified":"2024-02-06T01:04:41","modified_gmt":"2024-02-06T01:04:41","slug":"gases-industriais-2","status":"publish","type":"page","link":"https:\/\/elipsemotriz.pt\/?page_id=135","title":{"rendered":"Gases Industriais"},"content":{"rendered":"\t\t<div data-elementor-type=\"wp-page\" data-elementor-id=\"135\" class=\"elementor elementor-135\">\n\t\t\t\t\t\t\t<div class=\"elementor-element elementor-element-fd1620b e-flex e-con-boxed e-con e-parent\" data-id=\"fd1620b\" data-element_type=\"container\" data-settings=\"{&quot;background_background&quot;:&quot;slideshow&quot;,&quot;content_width&quot;:&quot;boxed&quot;,&quot;background_slideshow_gallery&quot;:[],&quot;background_slideshow_loop&quot;:&quot;yes&quot;,&quot;background_slideshow_slide_duration&quot;:5000,&quot;background_slideshow_slide_transition&quot;:&quot;fade&quot;,&quot;background_slideshow_transition_duration&quot;:500}\" data-core-v316-plus=\"true\">\n\t\t\t\t\t<div class=\"e-con-inner\">\n\t\t\t\t<div class=\"elementor-element elementor-element-e6b431b elementor-widget elementor-widget-image\" data-id=\"e6b431b\" data-element_type=\"widget\" data-widget_type=\"image.default\">\n\t\t\t\t<div class=\"elementor-widget-container\">\n\t\t\t<style>\/*! elementor - v3.17.0 - 25-10-2023 *\/\n.elementor-widget-image{text-align:center}.elementor-widget-image a{display:inline-block}.elementor-widget-image a img[src$=\".svg\"]{width:48px}.elementor-widget-image img{vertical-align:middle;display:inline-block}<\/style>\t\t\t\t\t\t\t\t\t\t\t\t<img fetchpriority=\"high\" decoding=\"async\" width=\"1920\" height=\"650\" src=\"https:\/\/elipsemotriz.pt\/wp-content\/uploads\/2024\/01\/1-2.jpg\" class=\"attachment-full size-full wp-image-332\" alt=\"\" srcset=\"https:\/\/elipsemotriz.pt\/wp-content\/uploads\/2024\/01\/1-2.jpg 1920w, https:\/\/elipsemotriz.pt\/wp-content\/uploads\/2024\/01\/1-2-300x102.jpg 300w, https:\/\/elipsemotriz.pt\/wp-content\/uploads\/2024\/01\/1-2-1024x347.jpg 1024w, https:\/\/elipsemotriz.pt\/wp-content\/uploads\/2024\/01\/1-2-768x260.jpg 768w, https:\/\/elipsemotriz.pt\/wp-content\/uploads\/2024\/01\/1-2-1536x520.jpg 1536w\" sizes=\"(max-width: 1920px) 100vw, 1920px\" \/>\t\t\t\t\t\t\t\t\t\t\t\t\t\t\t<\/div>\n\t\t\t\t<\/div>\n\t\t\t\t<div class=\"elementor-element elementor-element-9fd7b09 elementor-widget elementor-widget-heading\" data-id=\"9fd7b09\" data-element_type=\"widget\" data-widget_type=\"heading.default\">\n\t\t\t\t<div class=\"elementor-widget-container\">\n\t\t\t<style>\/*! elementor - v3.17.0 - 25-10-2023 *\/\n.elementor-heading-title{padding:0;margin:0;line-height:1}.elementor-widget-heading .elementor-heading-title[class*=elementor-size-]>a{color:inherit;font-size:inherit;line-height:inherit}.elementor-widget-heading .elementor-heading-title.elementor-size-small{font-size:15px}.elementor-widget-heading .elementor-heading-title.elementor-size-medium{font-size:19px}.elementor-widget-heading .elementor-heading-title.elementor-size-large{font-size:29px}.elementor-widget-heading .elementor-heading-title.elementor-size-xl{font-size:39px}.elementor-widget-heading .elementor-heading-title.elementor-size-xxl{font-size:59px}<\/style><h1 class=\"elementor-heading-title elementor-size-default\"><b>GARRAFAS A 300 BAR<\/b><\/h1>\t\t<\/div>\n\t\t\t\t<\/div>\n\t\t\t\t<div class=\"elementor-element elementor-element-2bb78ef elementor-widget elementor-widget-text-editor\" data-id=\"2bb78ef\" data-element_type=\"widget\" data-widget_type=\"text-editor.default\">\n\t\t\t\t<div class=\"elementor-widget-container\">\n\t\t\t<style>\/*! elementor - v3.17.0 - 25-10-2023 *\/\n.elementor-widget-text-editor.elementor-drop-cap-view-stacked .elementor-drop-cap{background-color:#69727d;color:#fff}.elementor-widget-text-editor.elementor-drop-cap-view-framed .elementor-drop-cap{color:#69727d;border:3px solid;background-color:transparent}.elementor-widget-text-editor:not(.elementor-drop-cap-view-default) .elementor-drop-cap{margin-top:8px}.elementor-widget-text-editor:not(.elementor-drop-cap-view-default) .elementor-drop-cap-letter{width:1em;height:1em}.elementor-widget-text-editor .elementor-drop-cap{float:left;text-align:center;line-height:1;font-size:50px}.elementor-widget-text-editor .elementor-drop-cap-letter{display:inline-block}<\/style>\t\t\t\t<p><b>V\u00e1lvulas Integradas com Regulador<\/b><\/p>\t\t\t\t\t\t<\/div>\n\t\t\t\t<\/div>\n\t\t\t\t<div class=\"elementor-element elementor-element-9c7294a elementor-widget elementor-widget-text-editor\" data-id=\"9c7294a\" data-element_type=\"widget\" data-widget_type=\"text-editor.default\">\n\t\t\t\t<div class=\"elementor-widget-container\">\n\t\t\t\t\t\t\t<p>Em parceria com a\u00a0<strong>GAZCORP, S.A.<\/strong>\u00a0temos dispon\u00edveis uma ampla gama de gases industriais, tais como oxig\u00e9nio, azoto, \u00e1rgon, di\u00f3xido de carbono, entre outros, que podem ser fornecidos das seguintes formas:\u00a0garrafas,\u00a0quadros\u00a0ou\u00a0tanques.<\/p>\t\t\t\t\t\t<\/div>\n\t\t\t\t<\/div>\n\t\t\t\t<div class=\"elementor-element elementor-element-7f89cc9 elementor-position-right elementor-vertical-align-top elementor-widget elementor-widget-image-box\" data-id=\"7f89cc9\" data-element_type=\"widget\" data-widget_type=\"image-box.default\">\n\t\t\t\t<div class=\"elementor-widget-container\">\n\t\t\t<style>\/*! elementor - v3.17.0 - 25-10-2023 *\/\n.elementor-widget-image-box .elementor-image-box-content{width:100%}@media (min-width:768px){.elementor-widget-image-box.elementor-position-left .elementor-image-box-wrapper,.elementor-widget-image-box.elementor-position-right .elementor-image-box-wrapper{display:flex}.elementor-widget-image-box.elementor-position-right .elementor-image-box-wrapper{text-align:right;flex-direction:row-reverse}.elementor-widget-image-box.elementor-position-left .elementor-image-box-wrapper{text-align:left;flex-direction:row}.elementor-widget-image-box.elementor-position-top .elementor-image-box-img{margin:auto}.elementor-widget-image-box.elementor-vertical-align-top .elementor-image-box-wrapper{align-items:flex-start}.elementor-widget-image-box.elementor-vertical-align-middle .elementor-image-box-wrapper{align-items:center}.elementor-widget-image-box.elementor-vertical-align-bottom .elementor-image-box-wrapper{align-items:flex-end}}@media (max-width:767px){.elementor-widget-image-box .elementor-image-box-img{margin-left:auto!important;margin-right:auto!important;margin-bottom:15px}}.elementor-widget-image-box .elementor-image-box-img{display:inline-block}.elementor-widget-image-box .elementor-image-box-title a{color:inherit}.elementor-widget-image-box .elementor-image-box-wrapper{text-align:center}.elementor-widget-image-box .elementor-image-box-description{margin:0}<\/style><div class=\"elementor-image-box-wrapper\"><figure class=\"elementor-image-box-img\"><img decoding=\"async\" width=\"500\" height=\"700\" src=\"https:\/\/elipsemotriz.pt\/wp-content\/uploads\/2024\/01\/1-4.jpg\" class=\"attachment-1536x1536 size-1536x1536 wp-image-352\" alt=\"\" srcset=\"https:\/\/elipsemotriz.pt\/wp-content\/uploads\/2024\/01\/1-4.jpg 500w, https:\/\/elipsemotriz.pt\/wp-content\/uploads\/2024\/01\/1-4-214x300.jpg 214w\" sizes=\"(max-width: 500px) 100vw, 500px\" \/><\/figure><div class=\"elementor-image-box-content\"><h1 class=\"elementor-image-box-title\">ARGAZ <\/h1><p class=\"elementor-image-box-description\">O \u00c1rgon \u00e9 amplamente utilizado como g\u00e1s de prote\u00e7\u00e3o, tanto na sua forma pura como em misturas.\n<u>Aplica\u00e7\u00f5es: <\/u>Soldadura; Metal\u00fargica; Fabrico de Componentes Eletr\u00f3nicos; Produ\u00e7\u00e3o de Vidro<br><br>- Garrafa 10 L | 3 m3 | <span class=\"OYPEnA text-decoration-none text-strikethrough-none\" style=\"color: rgb(0, 125, 128); font-weight: 700;\">Ref:<\/span><span class=\"OYPEnA text-decoration-none text-strikethrough-none\" style=\"color: rgb(0, 125, 128);\"> GIARG0100B10I<\/span><br>- Garrafa 33,6 L | 10,10 m3 | <span class=\"OYPEnA text-decoration-none text-strikethrough-none\" style=\"color: rgb(0, 125, 128); font-weight: 700;\">Ref:<\/span><span class=\"OYPEnA text-decoration-none text-strikethrough-none\" style=\"color: rgb(0, 125, 128);\"> GIARG<span class=\"ql-cursor\">\ufeff<\/span>0100B33I<\/span><\/p><\/div><\/div>\t\t<\/div>\n\t\t\t\t<\/div>\n\t\t\t\t<div class=\"elementor-element elementor-element-8db735f elementor-position-left elementor-vertical-align-top elementor-widget elementor-widget-image-box\" data-id=\"8db735f\" data-element_type=\"widget\" data-widget_type=\"image-box.default\">\n\t\t\t\t<div class=\"elementor-widget-container\">\n\t\t\t<div class=\"elementor-image-box-wrapper\"><figure class=\"elementor-image-box-img\"><img decoding=\"async\" width=\"500\" height=\"700\" src=\"https:\/\/elipsemotriz.pt\/wp-content\/uploads\/2024\/01\/2-4.jpg\" class=\"attachment-1536x1536 size-1536x1536 wp-image-354\" alt=\"\" srcset=\"https:\/\/elipsemotriz.pt\/wp-content\/uploads\/2024\/01\/2-4.jpg 500w, https:\/\/elipsemotriz.pt\/wp-content\/uploads\/2024\/01\/2-4-214x300.jpg 214w\" sizes=\"(max-width: 500px) 100vw, 500px\" \/><\/figure><div class=\"elementor-image-box-content\"><h1 class=\"elementor-image-box-title\">SOLDEGAZ<\/h1><p class=\"elementor-image-box-description\">A mistura de Di\u00f3xido de Carbono e \u00c1rgon \u00e9 utilizado na soldadura MAG (Metal Active Gas) ou no processo de Brasagem MIG<br><u>Aplica\u00e7\u00f5es:<\/u> Soldadura<br><br>- Garrafa 10 L | 3,27 m3 | <span style=\"color: rgb(0, 125, 128); font-weight: 700;\">Ref:<\/span><span style=\"color: rgb(0, 125, 128);\"> <\/span><span class=\"OYPEnA text-decoration-none text-strikethrough-none\" style=\"color: rgb(0, 125, 128);\">G<span class=\"ql-cursor\">\ufeff<\/span>ISOL0018B10I<\/span><br>- Garrafa 33,6 L | 11 m3 | <span style=\"color: rgb(0, 125, 128); font-weight: 700;\">Ref:<\/span><span style=\"color: rgb(0, 125, 128);\"> <\/span><span class=\"OYPEnA text-decoration-none text-strikethrough-none\" style=\"color: rgb(0, 125, 128);\">GIS<span class=\"ql-cursor\">\ufeff<\/span>OL0018B33I<\/span><\/p><\/div><\/div>\t\t<\/div>\n\t\t\t\t<\/div>\n\t\t\t\t<div class=\"elementor-element elementor-element-8c5b740 elementor-position-right elementor-vertical-align-top elementor-widget elementor-widget-image-box\" data-id=\"8c5b740\" data-element_type=\"widget\" data-widget_type=\"image-box.default\">\n\t\t\t\t<div class=\"elementor-widget-container\">\n\t\t\t<div class=\"elementor-image-box-wrapper\"><figure class=\"elementor-image-box-img\"><img loading=\"lazy\" decoding=\"async\" width=\"500\" height=\"700\" src=\"https:\/\/elipsemotriz.pt\/wp-content\/uploads\/2024\/01\/3-3.jpg\" class=\"attachment-1536x1536 size-1536x1536 wp-image-368\" alt=\"\" srcset=\"https:\/\/elipsemotriz.pt\/wp-content\/uploads\/2024\/01\/3-3.jpg 500w, https:\/\/elipsemotriz.pt\/wp-content\/uploads\/2024\/01\/3-3-214x300.jpg 214w\" sizes=\"(max-width: 500px) 100vw, 500px\" \/><\/figure><div class=\"elementor-image-box-content\"><h1 class=\"elementor-image-box-title\">OXIGAZ<\/h1><p class=\"elementor-image-box-description\">O Oxig\u00e9nio \u00e9 um g\u00e1s essencial em muitos setores.<br><u>Aplica\u00e7\u00f5es:<\/u> Metal\u00fargica; Fabrico de Componentes Eletr\u00f3nicos; Produ\u00e7\u00e3o de Vidro; Soldadura Oxiacetil\u00e9nica; Corte T\u00e9rmico | Laser<br><br>- Garrafa 10 L | 3,10 m3 | <span style=\"color: rgb(0, 125, 128); font-weight: 700;\">R<span>\ufeff<\/span>ef:<\/span><span style=\"color: rgb(0, 125, 128);\"> GIOXI0100B10I<\/span><br>- Garrafa 33,6 L | 10,2 m3 | <span style=\"color: rgb(0, 125, 128); font-weight: 700;\">R\ufeffef:<\/span><span style=\"color: rgb(0, 125, 128);\"> <\/span><span class=\"OYPEnA text-decoration-none text-strikethrough-none\" style=\"color: rgb(0, 125, 128);\">GI<span class=\"ql-cursor\">\ufeff<\/span>OXI0100B33I<\/span><br>- Garrafa 800 L | 242,86 m3 | <span style=\"color: rgb(0, 125, 128); font-weight: 700;\">R\ufeffef:<\/span><span style=\"color: rgb(0, 125, 128);\"> <\/span><span class=\"OYPEnA text-decoration-none text-strikethrough-none\" style=\"color: rgb(0, 125, 128);\">GI<span class=\"ql-cursor\">\ufeff<\/span>OXI0100Q16N<\/span><\/p><\/div><\/div>\t\t<\/div>\n\t\t\t\t<\/div>\n\t\t\t\t<div class=\"elementor-element elementor-element-6dc2509 elementor-position-left elementor-vertical-align-top elementor-widget elementor-widget-image-box\" data-id=\"6dc2509\" data-element_type=\"widget\" data-widget_type=\"image-box.default\">\n\t\t\t\t<div class=\"elementor-widget-container\">\n\t\t\t<div class=\"elementor-image-box-wrapper\"><figure class=\"elementor-image-box-img\"><img loading=\"lazy\" decoding=\"async\" width=\"500\" height=\"700\" src=\"https:\/\/elipsemotriz.pt\/wp-content\/uploads\/2024\/01\/4-3.jpg\" class=\"attachment-1536x1536 size-1536x1536 wp-image-369\" alt=\"\" srcset=\"https:\/\/elipsemotriz.pt\/wp-content\/uploads\/2024\/01\/4-3.jpg 500w, https:\/\/elipsemotriz.pt\/wp-content\/uploads\/2024\/01\/4-3-214x300.jpg 214w\" sizes=\"(max-width: 500px) 100vw, 500px\" \/><\/figure><div class=\"elementor-image-box-content\"><h1 class=\"elementor-image-box-title\">ACETIGAZ<\/h1><p class=\"elementor-image-box-description\">O Acetileno \u00e9 um g\u00e1s reativo e explosivo, utilizado em processos de combust\u00e3o nos quais \u00e9 necess\u00e1ria temperatura elevada.<br><u>Aplica\u00e7\u00f5es:<\/u> Soldadura Oxiacetil\u00e9nica [soldar a\u00e7o e cortar metais]<br><br>- Garrafa 10 L | 2 Kg | <span style=\"color: rgb(0, 125, 128); font-weight: 700;\">R\ufeffef:<\/span><span style=\"color: rgb(0, 125, 128);\"> <\/span><span style=\"color: rgb(0, 125, 128);\">GIAC<span>\ufeff<\/span>E0100B10K<\/span><br>- Garrafa 33,6 L | 5 Kg | <span style=\"color: rgb(0, 125, 128); font-weight: 700;\">R\ufeffef:<\/span><span style=\"color: rgb(0, 125, 128);\"> <\/span><span style=\"color: rgb(0, 125, 128);\">G<span>\ufeff<\/span>IACE0100B33K<\/span><br>- Garrafa 33,6 L | 5 Kg | <span style=\"color: rgb(0, 125, 128); font-weight: 700;\">R\ufeffef:<\/span><span style=\"color: rgb(0, 125, 128);\"> <\/span><span style=\"color: rgb(0, 125, 128);\">GIACE<span>\ufeff<\/span>0100B33Y <\/span> (V\u00e1lvula Normal)<\/p><\/div><\/div>\t\t<\/div>\n\t\t\t\t<\/div>\n\t\t\t\t<div class=\"elementor-element elementor-element-29aaa8b elementor-position-right elementor-vertical-align-top elementor-widget elementor-widget-image-box\" data-id=\"29aaa8b\" data-element_type=\"widget\" data-widget_type=\"image-box.default\">\n\t\t\t\t<div class=\"elementor-widget-container\">\n\t\t\t<div class=\"elementor-image-box-wrapper\"><figure class=\"elementor-image-box-img\"><img loading=\"lazy\" decoding=\"async\" width=\"500\" height=\"700\" src=\"https:\/\/elipsemotriz.pt\/wp-content\/uploads\/2024\/01\/5-1.jpg\" class=\"attachment-1536x1536 size-1536x1536 wp-image-370\" alt=\"\" srcset=\"https:\/\/elipsemotriz.pt\/wp-content\/uploads\/2024\/01\/5-1.jpg 500w, https:\/\/elipsemotriz.pt\/wp-content\/uploads\/2024\/01\/5-1-214x300.jpg 214w\" sizes=\"(max-width: 500px) 100vw, 500px\" \/><\/figure><div class=\"elementor-image-box-content\"><h1 class=\"elementor-image-box-title\">CARBOGAZ<\/h1><p class=\"elementor-image-box-description\">O Di\u00f3xido de Carbono serve para in\u00fameras aplica\u00e7\u00f5es essenciais em diferentes setores, tal como no tratamento de \u00e1guas residuais como uma alternativa mais amiga do ambiente.<br><u>Aplica\u00e7\u00f5es:<\/u> Constru\u00e7\u00e3o; Metal\u00fargica; Vidro; Agricultura, Pesca e Pecu\u00e1ria; Ambiente; Soldadura; Petroqu\u00edmica, Refinarias de Petr\u00f3leo e Pl\u00e1stico.<br><br>- Garrafa 50 L | 37,50 Kg | <span style=\"color: rgb(0, 125, 128); font-weight: 700;\">R\ufeffef:<\/span><span style=\"color: rgb(0, 125, 128);\"> <\/span><span style=\"color: rgb(0, 125, 128);\">GICO20100B15C<\/span><\/p><\/div><\/div>\t\t<\/div>\n\t\t\t\t<\/div>\n\t\t\t\t<div class=\"elementor-element elementor-element-7265029 elementor-position-left elementor-vertical-align-top elementor-widget elementor-widget-image-box\" data-id=\"7265029\" data-element_type=\"widget\" data-widget_type=\"image-box.default\">\n\t\t\t\t<div class=\"elementor-widget-container\">\n\t\t\t<div class=\"elementor-image-box-wrapper\"><figure class=\"elementor-image-box-img\"><img loading=\"lazy\" decoding=\"async\" width=\"500\" height=\"700\" src=\"https:\/\/elipsemotriz.pt\/wp-content\/uploads\/2024\/01\/6.jpg\" class=\"attachment-1536x1536 size-1536x1536 wp-image-371\" alt=\"\" srcset=\"https:\/\/elipsemotriz.pt\/wp-content\/uploads\/2024\/01\/6.jpg 500w, https:\/\/elipsemotriz.pt\/wp-content\/uploads\/2024\/01\/6-214x300.jpg 214w\" sizes=\"(max-width: 500px) 100vw, 500px\" \/><\/figure><div class=\"elementor-image-box-content\"><h1 class=\"elementor-image-box-title\">AZOGAZ<\/h1><p class=\"elementor-image-box-description\">O Azoto \u00e9 muito utilizado em processos de inertiza\u00e7\u00e3o. \u00c9 ainda o agente de elei\u00e7\u00e3o para opera\u00e7\u00f5es de arrefecimento e congela\u00e7\u00e3o.<br><u>Aplica\u00e7\u00f5es:<\/u> Soldadura; Metal\u00fargica; Fabrico de Componentes Eletr\u00f3nicos; Inertiza\u00e7\u00e3o; Corte T\u00e9rmico | Laser<br><br>- Garrafa 10 L | 2,60 m3 | <span style=\"color: rgb(0, 125, 128); font-weight: 700;\">R\ufeffef:<\/span><span style=\"color: rgb(0, 125, 128);\"> <\/span><span style=\"color: rgb(0, 125, 128);\">G<span>\ufeff<\/span>IAZO0100B10I<\/span><br>- Garrafa 33,6 L | 8,80 m3 | <span style=\"color: rgb(0, 125, 128); font-weight: 700;\">R\ufeffef:<\/span><span style=\"color: rgb(0, 125, 128);\"> <\/span><span class=\"OYPEnA text-decoration-none text-strikethrough-none\" style=\"color: rgb(0, 125, 128);\">G<span class=\"ql-cursor\">\ufeff<\/span>IAZO0100B33I<\/span><br>- Quadro 800 L | 209,60 m3 | <span style=\"color: rgb(0, 125, 128); font-weight: 700;\">R\ufeffef:<\/span><span style=\"color: rgb(0, 125, 128);\"> <\/span><span class=\"OYPEnA text-decoration-none text-strikethrough-none\" style=\"color: rgb(0, 125, 128);\">GI<span class=\"ql-cursor\">\ufeff<\/span>AZO0100Q16N<\/span><\/p><\/div><\/div>\t\t<\/div>\n\t\t\t\t<\/div>\n\t\t\t\t<div class=\"elementor-element elementor-element-cc68f60 elementor-position-right elementor-vertical-align-top elementor-widget elementor-widget-image-box\" data-id=\"cc68f60\" data-element_type=\"widget\" data-widget_type=\"image-box.default\">\n\t\t\t\t<div class=\"elementor-widget-container\">\n\t\t\t<div class=\"elementor-image-box-wrapper\"><figure class=\"elementor-image-box-img\"><img loading=\"lazy\" decoding=\"async\" width=\"500\" height=\"425\" src=\"https:\/\/elipsemotriz.pt\/wp-content\/uploads\/2024\/01\/Design-sem-nome-2-e1704674242499.jpg\" class=\"attachment-full size-full wp-image-377\" alt=\"\" srcset=\"https:\/\/elipsemotriz.pt\/wp-content\/uploads\/2024\/01\/Design-sem-nome-2-e1704674242499.jpg 500w, https:\/\/elipsemotriz.pt\/wp-content\/uploads\/2024\/01\/Design-sem-nome-2-e1704674242499-300x255.jpg 300w\" sizes=\"(max-width: 500px) 100vw, 500px\" \/><\/figure><div class=\"elementor-image-box-content\"><h2 class=\"elementor-image-box-title\"><strong>Outras capacidades e misturas dispon\u00edveis<\/strong><\/h2><p class=\"elementor-image-box-description\"><b>Pre\u00e7os sob consulta e sujeito a contrato<\/p><\/div><\/div>\t\t<\/div>\n\t\t\t\t<\/div>\n\t\t\t\t\t<\/div>\n\t\t\t\t<\/div>\n\t\t\t\t\t\t\t<\/div>\n\t\t","protected":false},"excerpt":{"rendered":"<p>GARRAFAS A 300 BAR V\u00e1lvulas Integradas com Regulador Em parceria com a\u00a0GAZCORP, S.A.\u00a0temos dispon\u00edveis uma ampla gama de gases industriais, tais como oxig\u00e9nio, azoto, \u00e1rgon, di\u00f3xido de carbono, entre outros, que podem ser fornecidos das seguintes formas:\u00a0garrafas,\u00a0quadros\u00a0ou\u00a0tanques. ARGAZ O \u00c1rgon \u00e9 amplamente utilizado como g\u00e1s de prote\u00e7\u00e3o, tanto na sua forma pura como em misturas. [&hellip;]<\/p>\n","protected":false},"author":1,"featured_media":0,"parent":0,"menu_order":0,"comment_status":"closed","ping_status":"closed","template":"","meta":{"footnotes":""},"class_list":["post-135","page","type-page","status-publish","hentry"],"_links":{"self":[{"href":"https:\/\/elipsemotriz.pt\/index.php?rest_route=\/wp\/v2\/pages\/135","targetHints":{"allow":["GET"]}}],"collection":[{"href":"https:\/\/elipsemotriz.pt\/index.php?rest_route=\/wp\/v2\/pages"}],"about":[{"href":"https:\/\/elipsemotriz.pt\/index.php?rest_route=\/wp\/v2\/types\/page"}],"author":[{"embeddable":true,"href":"https:\/\/elipsemotriz.pt\/index.php?rest_route=\/wp\/v2\/users\/1"}],"replies":[{"embeddable":true,"href":"https:\/\/elipsemotriz.pt\/index.php?rest_route=%2Fwp%2Fv2%2Fcomments&post=135"}],"version-history":[{"count":51,"href":"https:\/\/elipsemotriz.pt\/index.php?rest_route=\/wp\/v2\/pages\/135\/revisions"}],"predecessor-version":[{"id":708,"href":"https:\/\/elipsemotriz.pt\/index.php?rest_route=\/wp\/v2\/pages\/135\/revisions\/708"}],"wp:attachment":[{"href":"https:\/\/elipsemotriz.pt\/index.php?rest_route=%2Fwp%2Fv2%2Fmedia&parent=135"}],"curies":[{"name":"wp","href":"https:\/\/api.w.org\/{rel}","templated":true}]}}